{"id":31,"date":"2021-08-22T16:58:37","date_gmt":"2021-08-22T14:58:37","guid":{"rendered":"https:\/\/absculpts.com\/?page_id=31"},"modified":"2021-08-23T11:19:56","modified_gmt":"2021-08-23T09:19:56","slug":"a-propos-de","status":"publish","type":"page","link":"https:\/\/absculpts.com\/?page_id=31","title":{"rendered":"\u00c0 propos de"},"content":{"rendered":"\n<p>J&rsquo;ai grandi en Ecosse mais je vis maintenant en France.<\/p>\n\n\n\n<p>Je suis autodidacte. J&rsquo;ai commenc\u00e9 a sculpter quand j&rsquo;avais environ 30 ans. J&rsquo;avais un paquet de p\u00e2te polymere et j&rsquo;ai commenc\u00e9 \u00e0 jouer avec \u00e7a. Cela a enflamm\u00e9 quelque chose dans mon esprit, depuis je ne cesse de \u00ab\u00a0jouer\u00a0\u00bb !<\/p>\n","protected":false},"excerpt":{"rendered":"<p>J&rsquo;ai grandi en Ecosse mais je vis maintenant en France. Je suis autodidacte. J&rsquo;ai commenc\u00e9 a sculpter quand j&rsquo;avais environ 30 ans. J&rsquo;avais un paquet de p\u00e2te polymere et j&rsquo;ai commenc\u00e9 \u00e0 jouer avec \u00e7a. Cela a enflamm\u00e9 quelque chose &hellip; <a href=\"https:\/\/absculpts.com\/?page_id=31\">Continuer la lecture <span class=\"meta-nav\">&rarr;<\/span><\/a><\/p>\n","protected":false},"author":1,"featured_media":0,"parent":0,"menu_order":0,"comment_status":"closed","ping_status":"closed","template":"","meta":[],"_links":{"self":[{"href":"https:\/\/absculpts.com\/index.php?rest_route=\/wp\/v2\/pages\/31"}],"collection":[{"href":"https:\/\/absculpts.com\/index.php?rest_route=\/wp\/v2\/pages"}],"about":[{"href":"https:\/\/absculpts.com\/index.php?rest_route=\/wp\/v2\/types\/page"}],"author":[{"embeddable":true,"href":"https:\/\/absculpts.com\/index.php?rest_route=\/wp\/v2\/users\/1"}],"replies":[{"embeddable":true,"href":"https:\/\/absculpts.com\/index.php?rest_route=%2Fwp%2Fv2%2Fcomments&post=31"}],"version-history":[{"count":5,"href":"https:\/\/absculpts.com\/index.php?rest_route=\/wp\/v2\/pages\/31\/revisions"}],"predecessor-version":[{"id":72,"href":"https:\/\/absculpts.com\/index.php?rest_route=\/wp\/v2\/pages\/31\/revisions\/72"}],"wp:attachment":[{"href":"https:\/\/absculpts.com\/index.php?rest_route=%2Fwp%2Fv2%2Fmedia&parent=31"}],"curies":[{"name":"wp","href":"https:\/\/api.w.org\/{rel}","templated":true}]}}